{"id":450,"date":"2018-11-20T13:27:59","date_gmt":"2018-11-20T13:27:59","guid":{"rendered":"https:\/\/seofy.wgl-demo.net\/?page_id=450"},"modified":"2023-04-20T10:43:10","modified_gmt":"2023-04-20T13:43:10","slug":"vamos-conversar","status":"publish","type":"page","link":"https:\/\/redpillmkt.com.br\/es\/vamos-conversar\/","title":{"rendered":"\u00bfHablamos?"},"content":{"rendered":"<div class=\"wpb-content-wrapper\"><div  class=\"vc_row wpb_row vc_row-fluid\"><div class=\"wpb_column vc_column_container vc_col-sm-12\"><div class=\"vc_column-inner\"><div class=\"wpb_wrapper\"><div id=\"seofy_dbl_69e11e6406806\" class=\"seofy_module_double_headings acenter\"><div class=\"heading_title\" style=\"font-size:36px; line-height:1.333; font-weight:800; \"><span class=\"heading_divider\"><\/span><div>\u00bfHablamos?<\/div><\/div><\/div>  \n<div  class =\"seofy_module_spacing\"><div class=\"spacing_size spacing_size-initial\" style=\"height:30px;\"><\/div><\/div>  \n<\/div><\/div><\/div><\/div><div  class=\"vc_row wpb_row vc_row-fluid\"><div class=\"wpb_column vc_column_container vc_col-sm-4\"><div class=\"vc_column-inner\"><div class=\"wpb_wrapper\"><div  class =\"seofy_module_spacing\"><div class=\"spacing_size spacing_size-initial\" style=\"height:30px;\"><\/div><\/div>  \n\n\t<div  class=\"wpb_single_image wpb_content_element vc_align_left wpb_content_element\">\n\t\t\n\t\t<figure class=\"wpb_wrapper vc_figure\">\n\t\t\t<div class=\"vc_single_image-wrapper   vc_box_border_grey\"><img loading=\"lazy\" decoding=\"async\" width=\"1551\" height=\"1881\" src=\"https:\/\/redpillmkt.com.br\/wp-content\/uploads\/2023\/01\/Imagens-Site-RedPill-2023-fale-conosco-2.png\" class=\"vc_single_image-img attachment-full\" alt=\"\" title=\"Im\u00e1genes Sitio RedPill 2023-habla con nosotros-2\" srcset=\"https:\/\/redpillmkt.com.br\/wp-content\/uploads\/2023\/01\/Imagens-Site-RedPill-2023-fale-conosco-2.png 1551w, https:\/\/redpillmkt.com.br\/wp-content\/uploads\/2023\/01\/Imagens-Site-RedPill-2023-fale-conosco-2-247x300.png 247w, https:\/\/redpillmkt.com.br\/wp-content\/uploads\/2023\/01\/Imagens-Site-RedPill-2023-fale-conosco-2-844x1024.png 844w, https:\/\/redpillmkt.com.br\/wp-content\/uploads\/2023\/01\/Imagens-Site-RedPill-2023-fale-conosco-2-768x931.png 768w, https:\/\/redpillmkt.com.br\/wp-content\/uploads\/2023\/01\/Imagens-Site-RedPill-2023-fale-conosco-2-1267x1536.png 1267w, https:\/\/redpillmkt.com.br\/wp-content\/uploads\/2023\/01\/Imagens-Site-RedPill-2023-fale-conosco-2-1080x1310.png 1080w\" sizes=\"auto, (max-width: 1551px) 100vw, 1551px\" \/><\/div>\n\t\t<\/figure>\n\t<\/div>\n<div  class =\"seofy_module_spacing\"><div class=\"spacing_size spacing_size-initial\" style=\"height:30px;\"><\/div><\/div>  \n<\/div><\/div><\/div><div class=\"wpb_column vc_column_container vc_col-sm-4\"><div class=\"vc_column-inner\"><div class=\"wpb_wrapper\"><div  class =\"seofy_module_spacing\"><div class=\"spacing_size spacing_size-initial\" style=\"height:26px;\"><\/div><\/div>  \n<div class =\"seofy_module_text\" style=\"font-size:18px;line-height:30px;\">\n<p style=\"text-align: justify;\">A medida que hablamos, podemos entender mejor tu prop\u00f3sito y las necesidades reales de tu p\u00fablico y, a partir de ah\u00ed, \u00a1crear cosas incre\u00edbles para tu marca!<\/p>\n<\/div>  \n<div  class =\"seofy_module_spacing\"><div class=\"spacing_size spacing_size-initial\" style=\"height:26px;\"><\/div><\/div>  \n\n\t<div class=\"wpb_text_column wpb_content_element\" >\n\t\t<div class=\"wpb_wrapper\">\n\t\t\t<h6 style=\"text-align: justify;\"><a href=\"https:\/\/goo.gl\/maps\/rykC27Gh7nWgSN557\" target=\"_blank\" rel=\"noopener\">Calle Iracema Ubirajara Celeste 180<\/a><br \/>\n<a href=\"https:\/\/goo.gl\/maps\/rykC27Gh7nWgSN557\" target=\"_blank\" rel=\"noopener\">Vila Progresso - Guarulhos\/SP<\/a><\/h6>\n<h6 style=\"text-align: justify;\"><a href=\"mailto:mkt@redpillmkt.com.br\">mkt@redpillmkt.com.br<\/a><\/h6>\n<h6><a href=\"tel:1135099478\">(11) 3509-9478<\/a><\/h6>\n<h6 style=\"text-align: justify;\"><a href=\"https:\/\/api.whatsapp.com\/send?phone=5511968872004&amp;text=Ol%C3%A1!%20Quero%20criar%20coisas%20incr%C3%ADveis%20junto%20com%20a%20RedPIll%20;)\" target=\"_blank\" rel=\"noopener\">(11) 96887-2004<\/a><\/h6>\n\n\t\t<\/div>\n\t<\/div>\n<div  class =\"seofy_module_spacing\"><div class=\"spacing_size spacing_size-initial\" style=\"height:21px;\"><\/div><\/div>  \n<\/div><\/div><\/div><div class=\"wpb_column vc_column_container vc_col-sm-4\"><div class=\"vc_column-inner\"><div class=\"wpb_wrapper\">\n\t<div class=\"wpb_text_column wpb_content_element vc_custom_1673648077567 box-shadow\" >\n\t\t<div class=\"wpb_wrapper\">\n\t\t\t\n<div class=\"wpcf7 no-js\" id=\"wpcf7-f466-o1\" lang=\"en-US\" dir=\"ltr\" data-wpcf7-id=\"466\">\n<div class=\"screen-reader-response\"><p role=\"status\" aria-live=\"polite\" aria-atomic=\"true\"><\/p> <ul><\/ul><\/div>\n<form action=\"\/es\/wp-json\/wp\/v2\/pages\/450#wpcf7-f466-o1\" method=\"post\" class=\"wpcf7-form init\" aria-label=\"Formulario de contacto\" novalidate=\"novalidate\" data-status=\"init\" data-trp-original-action=\"\/es\/wp-json\/wp\/v2\/pages\/450#wpcf7-f466-o1\">\n<fieldset class=\"hidden-fields-container\"><input type=\"hidden\" name=\"_wpcf7\" value=\"466\" \/><input type=\"hidden\" name=\"_wpcf7_version\" value=\"6.1.5\" \/><input type=\"hidden\" name=\"_wpcf7_locale\" value=\"en_US\" \/><input type=\"hidden\" name=\"_wpcf7_unit_tag\" value=\"wpcf7-f466-o1\" \/><input type=\"hidden\" name=\"_wpcf7_container_post\" value=\"0\" \/><input type=\"hidden\" name=\"_wpcf7_posted_data_hash\" value=\"\" \/><input type=\"hidden\" name=\"_wpcf7_recaptcha_response\" value=\"\" \/>\n<\/fieldset>\n<div class='row'>\n\t<div class='wgl_col-12'>\n\t\t<p><span class=\"wpcf7-form-control-wrap\" data-name=\"text-759\"><input size=\"40\" maxlength=\"400\" class=\"wpcf7-form-control wpcf7-text\" aria-invalid=\"false\" placeholder=\"Nombre *\" value=\"\" type=\"text\" name=\"text-759\" \/><\/span>\n\t\t<\/p>\n\t<\/div>\n\t<div class='wgl_col-12'>\n\t\t<p><span class=\"wpcf7-form-control-wrap\" data-name=\"email-613\"><input size=\"40\" maxlength=\"400\" class=\"wpcf7-form-control wpcf7-email wpcf7-text wpcf7-validates-as-email\" aria-invalid=\"false\" placeholder=\"Correo electr\u00f3nico *\" value=\"\" type=\"email\" name=\"email-613\" \/><\/span>\n\t\t<\/p>\n\t<\/div>\n\t<div class='wgl_col-12'>\n\t\t<p><span class=\"wpcf7-form-control-wrap\" data-name=\"textarea-378\"><textarea cols=\"40\" rows=\"10\" maxlength=\"2000\" class=\"wpcf7-form-control wpcf7-textarea\" aria-invalid=\"false\" placeholder=\"Mensaje...\" name=\"textarea-378\"><\/textarea><\/span>\n\t\t<\/p>\n\t<\/div>\n<\/div>\n<p><input class=\"wpcf7-form-control wpcf7-submit has-spinner\" type=\"submit\" value=\"Enviar un mensaje\" \/>\n<\/p><div class=\"wpcf7-response-output\" aria-hidden=\"true\"><\/div>\n<input type=\"hidden\" name=\"trp-form-language\" value=\"es\"\/><\/form>\n<\/div>\n\n\n\t\t<\/div>\n\t<\/div>\n<\/div><\/div><\/div><\/div><div  class=\"vc_row wpb_row vc_row-fluid\"><div class=\"wpb_column vc_column_container vc_col-sm-12\"><div class=\"vc_column-inner\"><div class=\"wpb_wrapper\"><div  class =\"seofy_module_spacing\"><div class=\"spacing_size spacing_size-initial\" style=\"height:63px;\"><\/div><\/div>  \n<\/div><\/div><\/div><\/div>\n<\/div>","protected":false},"excerpt":{"rendered":"\u00bfHablamos? Mientras hablamos, podemos entender mejor tu prop\u00f3sito y las necesidades reales de tu p\u00fablico, y a partir de ah\u00ed, \u00a1crear cosas incre\u00edbles para tu marca! Rua Iracema Ubirajara Celeste, n\u00ba 180 Vila Progresso - Guarulhos\/SP mkt@redpillmkt.com.br (11) 3509-9478 (11) 96887-2004","protected":false},"author":1,"featured_media":0,"parent":0,"menu_order":0,"comment_status":"closed","ping_status":"closed","template":"","meta":{"_joinchat":[],"footnotes":""},"class_list":["post-450","page","type-page","status-publish","hentry"],"_links":{"self":[{"href":"https:\/\/redpillmkt.com.br\/es\/wp-json\/wp\/v2\/pages\/450","targetHints":{"allow":["GET"]}}],"collection":[{"href":"https:\/\/redpillmkt.com.br\/es\/wp-json\/wp\/v2\/pages"}],"about":[{"href":"https:\/\/redpillmkt.com.br\/es\/wp-json\/wp\/v2\/types\/page"}],"author":[{"embeddable":true,"href":"https:\/\/redpillmkt.com.br\/es\/wp-json\/wp\/v2\/users\/1"}],"replies":[{"embeddable":true,"href":"https:\/\/redpillmkt.com.br\/es\/wp-json\/wp\/v2\/comments?post=450"}],"version-history":[{"count":48,"href":"https:\/\/redpillmkt.com.br\/es\/wp-json\/wp\/v2\/pages\/450\/revisions"}],"predecessor-version":[{"id":3369,"href":"https:\/\/redpillmkt.com.br\/es\/wp-json\/wp\/v2\/pages\/450\/revisions\/3369"}],"wp:attachment":[{"href":"https:\/\/redpillmkt.com.br\/es\/wp-json\/wp\/v2\/media?parent=450"}],"curies":[{"name":"wp","href":"https:\/\/api.w.org\/{rel}","templated":true}]}}