{"id":446,"date":"2018-11-20T13:19:47","date_gmt":"2018-11-20T13:19:47","guid":{"rendered":"https:\/\/seofy.wgl-demo.net\/?page_id=446"},"modified":"2023-01-20T14:25:15","modified_gmt":"2023-01-20T14:25:15","slug":"branding-design","status":"publish","type":"page","link":"https:\/\/redpillmkt.com.br\/es\/branding-design\/","title":{"rendered":"Marca, identidad visual y dise\u00f1o gr\u00e1fico"},"content":{"rendered":"<div class=\"wpb-content-wrapper\"><div  data-vc-full-width=\"true\" data-vc-full-width-init=\"false\" class=\"vc_row wpb_row vc_row-fluid wgl-row-animation\"><div class=\"wpb_column vc_column_container vc_col-sm-12\"><div class=\"vc_column-inner \"><div class=\"wpb_wrapper\"><div id=seofy_dbl_69dc70c290b29 class=\"seofy_module_double_headings acenter \"><div class=\"heading_title\" style=\"font-size:36px; line-height:1.333; font-weight:800; \"><span class=\"heading_divider\"><\/span><div class=\"heading_title_mobile\" style=\"font-size:33px; line-height: 1.333;\"><div>Branding, Identidade Visual e Design Gr\u00e1fico<\/div><\/div><\/div><\/div>  \n<div class=\"vc_row wpb_row vc_inner vc_row-fluid vc_row-o-equal-height vc_row-o-content-middle vc_row-flex\"><div class=\"wpb_column vc_column_container vc_col-sm-6 vc_col-lg-5\"><div class=\"vc_column-inner\"><div class=\"wpb_wrapper\"><div class =\"seofy_module_text\" style=\"font-size:18px;line-height:30px;\">\n<p style=\"text-align: justify;\">Uma marca \u00e9 a representa\u00e7\u00e3o gr\u00e1fica de seu prop\u00f3sito ou seja, a sua raz\u00e3o de existir.<\/p>\n<\/div>  \n<div  class =\"seofy_module_spacing\"><div class=\"spacing_size spacing_size-initial\" style=\"height:18px;\"><\/div><\/div>  \n<div class =\"seofy_module_text\" style=\"font-size:18px;line-height:30px;\">\n<p style=\"text-align: justify;\">Nossa equipe busca entender a ess\u00eancia de seu prop\u00f3sito \u00e0 fundo, conciliando este mesmo prop\u00f3sito com as necessidades de seu p\u00fablico, transformando tudo isso em identidade visual.<\/p>\n<p style=\"text-align: justify;\">Arist\u00f3teles j\u00e1 dizia em 250 a.C que \u201cOnde seus talentos se encontrarem com as necessidades do mundo, ali estar\u00e1 seu PROP\u00d3SITO\u201d!<\/p>\n<p style=\"text-align: justify;\">Uma marca forte, n\u00e3o s\u00f3 leva sua mensagem ao seu p\u00fablico como tamb\u00e9m gera engajamento e relacionamentos sustent\u00e1veis e rec\u00edprocos.<\/p>\n<\/div>  \n<div  class =\"seofy_module_spacing\"><div class=\"spacing_size spacing_size-initial\" style=\"height:40px;\"><\/div><\/div>  \n<div id=seofy_button_69dc70c291187 class=\"seofy_module_button wgl_button wgl_button-xl button_gradient aleft\"><a href=\"https:\/\/redpillmkt.com.br\/vamos-conversar\/\" style=\"border-width:1px; \" class=\"wgl_button_link\">Vamos conversar?<span class=\"button_border_gradient\"><\/span><\/a><\/div>\n<\/div><\/div><\/div><div class=\"wpb_column vc_column_container vc_col-sm-6\"><div class=\"vc_column-inner\"><div class=\"wpb_wrapper\">\n\t<div class=\"wpb_text_column wpb_content_element\" >\n\t\t<div class=\"wpb_wrapper\">\n\t\t\t<p><img loading=\"lazy\" decoding=\"async\" class=\"alignright size-full wp-image-2068\" src=\"https:\/\/redpillmkt.com.br\/wp-content\/uploads\/2022\/12\/RedPill_2023_Servicos_BRANDING.png\" alt=\"\" width=\"1001\" height=\"1001\" srcset=\"https:\/\/redpillmkt.com.br\/wp-content\/uploads\/2022\/12\/RedPill_2023_Servicos_BRANDING.png 1001w, https:\/\/redpillmkt.com.br\/wp-content\/uploads\/2022\/12\/RedPill_2023_Servicos_BRANDING-300x300.png 300w, https:\/\/redpillmkt.com.br\/wp-content\/uploads\/2022\/12\/RedPill_2023_Servicos_BRANDING-150x150.png 150w, https:\/\/redpillmkt.com.br\/wp-content\/uploads\/2022\/12\/RedPill_2023_Servicos_BRANDING-768x768.png 768w, https:\/\/redpillmkt.com.br\/wp-content\/uploads\/2022\/12\/RedPill_2023_Servicos_BRANDING-440x440.png 440w, https:\/\/redpillmkt.com.br\/wp-content\/uploads\/2022\/12\/RedPill_2023_Servicos_BRANDING-120x120.png 120w, https:\/\/redpillmkt.com.br\/wp-content\/uploads\/2022\/12\/RedPill_2023_Servicos_BRANDING-540x540.png 540w, https:\/\/redpillmkt.com.br\/wp-content\/uploads\/2022\/12\/RedPill_2023_Servicos_BRANDING-240x240.png 240w\" sizes=\"auto, (max-width: 1001px) 100vw, 1001px\" \/><\/p>\n\n\t\t<\/div>\n\t<\/div>\n<\/div><\/div><\/div><\/div><div id=\"seofy_spacer_69dc70c291523\" class =\"seofy_module_spacing responsive_active\"><div class=\"spacing_size spacing_size-initial\" style=\"height:10px;\"><\/div><div class=\"spacing_size spacing_size-tablet\" style=\"height:15px;\"><\/div><\/div>  \n<\/div><\/div><\/div><div id=\"particles_69dc70c291648\" class=\"particles-js\" style=\"top:0%; left:0%; width:100%; height:100%; \" data-particles-type=\"particles\" data-particles-number=\"50\" data-particles-color=\"#ffbc7a,#ff6b6b,#69e9f2\" data-particles-line=\"false\" data-particles-size=\"10\" data-particles-speed=\"2\" data-particles-hover=\"true\" data-particles-hover-mode=\"repulse\" data-particles-colors-type=\"random_colors\" ><\/div><\/div><div class=\"vc_row-full-width vc_clearfix\"><\/div><div  data-vc-full-width=\"true\" data-vc-full-width-init=\"false\" class=\"vc_row wpb_row vc_row-fluid wgl-row-animation\"><div class=\"wpb_column vc_column_container vc_col-sm-12\"><div class=\"vc_column-inner \"><div class=\"wpb_wrapper\"><div class =\"seofy_module_text\" style=\"font-size:18px;line-height:30px;\">\n<p style=\"text-align: justify;\">Um pacote de Identidade Visual pode conter o Manual de Identidade Visual, o kit de Papelaria Corporativa com cart\u00f5es, timbrados, folders, folhetos, brindes corporativos, uniformes, envelopamento de Ve\u00edculos e tudo mais que sua marca puder levar ao seu p\u00fablico, de forma marcante e efetiva.<\/p>\n<\/div>  \n<\/div><\/div><\/div><div id=\"particles_69dc70c29198f\" class=\"particles-js\" style=\"top:0%; left:0%; width:100%; height:100%; \" data-particles-type=\"particles\" data-particles-number=\"50\" data-particles-color=\"#ffb163,#7b74e8,#db5e5e\" data-particles-line=\"false\" data-particles-size=\"10\" data-particles-speed=\"2\" data-particles-hover=\"true\" data-particles-hover-mode=\"grab\" data-particles-colors-type=\"random_colors\" ><\/div><\/div><div class=\"vc_row-full-width vc_clearfix\"><\/div><div  data-vc-full-width=\"true\" data-vc-full-width-init=\"false\" class=\"vc_row wpb_row vc_row-fluid vc_custom_1542793661832 vc_row-has-fill\"><div class=\"wpb_column vc_column_container vc_col-sm-12\"><div class=\"vc_column-inner \"><div class=\"wpb_wrapper\"><div id=seofy_dbl_69dc70c291ba3 class=\"seofy_module_double_headings acenter \"><div class=\"heading_subtitle\" style=\"font-size:14px; line-height:12px; font-weight:600; \">Alguns clientes que criam coisas incr\u00edveis com a gente \ud83d\ude09<\/div><div class=\"heading_title\" style=\"font-size:36px; line-height:1.333; font-weight:800; \"><span class=\"heading_divider\"><\/span><div class=\"heading_title_mobile\" style=\"font-size:33px; line-height: 1.333;\"><div>Nossos Clientes<\/div><\/div><\/div><\/div>  \n<div id=\"seofy_spacer_69dc70c291c5e\" class =\"seofy_module_spacing responsive_active\"><div class=\"spacing_size spacing_size-initial\" style=\"height:20px;\"><\/div><div class=\"spacing_size spacing_size-tablet\" style=\"height:30px;\"><\/div><\/div>  \n<div class=\"seofy_module_clients clearfix item_anim-zoom  wpb_animate_when_almost_visible wpb_flipInX flipInX\"><div class=\"seofy_module_carousel-wrapper\"><div id=seofy_carousel_69dc70c295dcc class=\"seofy_module_carousel pag_align_center\"><div class=\"seofy_carousel_slick\" data-slick='{\"slidesToShow\":6,\"slidesToScroll\":1,\"infinite\":true,\"autoplay\":true,\"autoplaySpeed\":\"1000\",\"speed\":300,\"arrows\":false,\"dots\":false,\"adaptiveHeight\":false,\"responsive\":[{\"breakpoint\":1025,\"settings\":{\"slidesToShow\":4,\"slidesToScroll\":1}},{\"breakpoint\":800,\"settings\":{\"slidesToShow\":2,\"slidesToScroll\":1}},{\"breakpoint\":480,\"settings\":{\"slidesToShow\":1,\"slidesToScroll\":1}}]}'><div class=\"clients_image\"><div><img decoding=\"async\" class=\"main_image\" src=\"https:\/\/redpillmkt.com.br\/wp-content\/uploads\/2023\/01\/TIP-FORM.png\" alt=\"\" \/><\/div><\/div><div class=\"clients_image\"><div><img decoding=\"async\" class=\"main_image\" src=\"https:\/\/redpillmkt.com.br\/wp-content\/uploads\/2023\/01\/MMK.png\" alt=\"\" \/><\/div><\/div><div class=\"clients_image\"><div><img decoding=\"async\" class=\"main_image\" src=\"https:\/\/redpillmkt.com.br\/wp-content\/uploads\/2023\/01\/VIRTUALIZANDO.png\" alt=\"\" \/><\/div><\/div><div class=\"clients_image\"><div><img decoding=\"async\" class=\"main_image\" src=\"https:\/\/redpillmkt.com.br\/wp-content\/uploads\/2023\/01\/TORCISAO.png\" alt=\"\" \/><\/div><\/div><div class=\"clients_image\"><div><img decoding=\"async\" class=\"main_image\" src=\"https:\/\/redpillmkt.com.br\/wp-content\/uploads\/2023\/01\/TENSOR.png\" alt=\"\" \/><\/div><\/div><div class=\"clients_image\"><div><img decoding=\"async\" class=\"main_image\" src=\"https:\/\/redpillmkt.com.br\/wp-content\/uploads\/2023\/01\/TAKSTOUR.png\" alt=\"\" \/><\/div><\/div><div class=\"clients_image\"><div><img decoding=\"async\" class=\"main_image\" src=\"https:\/\/redpillmkt.com.br\/wp-content\/uploads\/2023\/01\/SUPER-PIZZA-PAN.png\" alt=\"\" \/><\/div><\/div><div class=\"clients_image\"><div><img decoding=\"async\" class=\"main_image\" src=\"https:\/\/redpillmkt.com.br\/wp-content\/uploads\/2023\/01\/SUMFORCES.png\" alt=\"\" \/><\/div><\/div><div class=\"clients_image\"><div><img decoding=\"async\" class=\"main_image\" src=\"https:\/\/redpillmkt.com.br\/wp-content\/uploads\/2023\/01\/SOL-CHINELOS.png\" alt=\"\" \/><\/div><\/div><div class=\"clients_image\"><div><img decoding=\"async\" class=\"main_image\" src=\"https:\/\/redpillmkt.com.br\/wp-content\/uploads\/2023\/01\/RICARDO-TROTTA.png\" alt=\"\" \/><\/div><\/div><div class=\"clients_image\"><div><img decoding=\"async\" class=\"main_image\" src=\"https:\/\/redpillmkt.com.br\/wp-content\/uploads\/2023\/01\/REDE-COWORK.png\" alt=\"\" \/><\/div><\/div><div class=\"clients_image\"><div><img decoding=\"async\" class=\"main_image\" src=\"https:\/\/redpillmkt.com.br\/wp-content\/uploads\/2023\/01\/R2M-EQUIPAMENTOS.png\" alt=\"\" \/><\/div><\/div><div class=\"clients_image\"><div><img decoding=\"async\" class=\"main_image\" src=\"https:\/\/redpillmkt.com.br\/wp-content\/uploads\/2023\/01\/QUATTUOR.png\" alt=\"\" \/><\/div><\/div><div class=\"clients_image\"><div><img decoding=\"async\" class=\"main_image\" src=\"https:\/\/redpillmkt.com.br\/wp-content\/uploads\/2023\/01\/PORTE-CONTABIL.png\" alt=\"\" \/><\/div><\/div><div class=\"clients_image\"><div><img decoding=\"async\" class=\"main_image\" src=\"https:\/\/redpillmkt.com.br\/wp-content\/uploads\/2023\/01\/OLHAR-DE-BIA.png\" alt=\"\" \/><\/div><\/div><div class=\"clients_image\"><div><img decoding=\"async\" class=\"main_image\" src=\"https:\/\/redpillmkt.com.br\/wp-content\/uploads\/2023\/01\/MOTOCHOPP-CLUEB.png\" alt=\"\" \/><\/div><\/div><div class=\"clients_image\"><div><img decoding=\"async\" class=\"main_image\" src=\"https:\/\/redpillmkt.com.br\/wp-content\/uploads\/2023\/01\/MGUERRA-STRATEGIC-SOURCE.png\" alt=\"\" \/><\/div><\/div><div class=\"clients_image\"><div><img decoding=\"async\" class=\"main_image\" src=\"https:\/\/redpillmkt.com.br\/wp-content\/uploads\/2023\/01\/ME-GASTRO.png\" alt=\"\" \/><\/div><\/div><div class=\"clients_image\"><div><img decoding=\"async\" class=\"main_image\" src=\"https:\/\/redpillmkt.com.br\/wp-content\/uploads\/2023\/01\/LUDWIG.png\" alt=\"\" \/><\/div><\/div><div class=\"clients_image\"><div><img decoding=\"async\" class=\"main_image\" src=\"https:\/\/redpillmkt.com.br\/wp-content\/uploads\/2023\/01\/INOUWEB.png\" alt=\"\" \/><\/div><\/div><div class=\"clients_image\"><div><img decoding=\"async\" class=\"main_image\" src=\"https:\/\/redpillmkt.com.br\/wp-content\/uploads\/2023\/01\/HTB.png\" alt=\"\" \/><\/div><\/div><div class=\"clients_image\"><div><img decoding=\"async\" class=\"main_image\" src=\"https:\/\/redpillmkt.com.br\/wp-content\/uploads\/2023\/01\/H20.png\" alt=\"\" \/><\/div><\/div><div class=\"clients_image\"><div><img decoding=\"async\" class=\"main_image\" src=\"https:\/\/redpillmkt.com.br\/wp-content\/uploads\/2023\/01\/FORMAX.png\" alt=\"\" \/><\/div><\/div><div class=\"clients_image\"><div><img decoding=\"async\" class=\"main_image\" src=\"https:\/\/redpillmkt.com.br\/wp-content\/uploads\/2023\/01\/FOLHA-METROPILITANA.png\" alt=\"\" \/><\/div><\/div><div class=\"clients_image\"><div><img decoding=\"async\" class=\"main_image\" src=\"https:\/\/redpillmkt.com.br\/wp-content\/uploads\/2023\/01\/EXITO.png\" alt=\"\" \/><\/div><\/div><div class=\"clients_image\"><div><img decoding=\"async\" class=\"main_image\" src=\"https:\/\/redpillmkt.com.br\/wp-content\/uploads\/2023\/01\/EMBRACON.png\" alt=\"\" \/><\/div><\/div><div class=\"clients_image\"><div><img decoding=\"async\" class=\"main_image\" src=\"https:\/\/redpillmkt.com.br\/wp-content\/uploads\/2023\/01\/EDSON-BELO.png\" alt=\"\" \/><\/div><\/div><div class=\"clients_image\"><div><img decoding=\"async\" class=\"main_image\" src=\"https:\/\/redpillmkt.com.br\/wp-content\/uploads\/2023\/01\/DRACLAUDIA.png\" alt=\"\" \/><\/div><\/div><div class=\"clients_image\"><div><img decoding=\"async\" class=\"main_image\" src=\"https:\/\/redpillmkt.com.br\/wp-content\/uploads\/2023\/01\/DERMATO-BRASIL.png\" alt=\"\" \/><\/div><\/div><div class=\"clients_image\"><div><img decoding=\"async\" class=\"main_image\" src=\"https:\/\/redpillmkt.com.br\/wp-content\/uploads\/2023\/01\/CIMBRALOC.png\" alt=\"\" \/><\/div><\/div><div class=\"clients_image\"><div><img decoding=\"async\" class=\"main_image\" src=\"https:\/\/redpillmkt.com.br\/wp-content\/uploads\/2023\/01\/CASUAL-GASTROBAR.png\" alt=\"\" \/><\/div><\/div><div class=\"clients_image\"><div><img decoding=\"async\" class=\"main_image\" src=\"https:\/\/redpillmkt.com.br\/wp-content\/uploads\/2023\/01\/CAFE-JAPI.png\" alt=\"\" \/><\/div><\/div><div class=\"clients_image\"><div><img decoding=\"async\" class=\"main_image\" src=\"https:\/\/redpillmkt.com.br\/wp-content\/uploads\/2023\/01\/BRUHUGUS.png\" alt=\"\" \/><\/div><\/div><div class=\"clients_image\"><div><img decoding=\"async\" class=\"main_image\" src=\"https:\/\/redpillmkt.com.br\/wp-content\/uploads\/2023\/01\/BROTHERHOOD-STEAK-BAR.png\" alt=\"\" \/><\/div><\/div><div class=\"clients_image\"><div><img decoding=\"async\" class=\"main_image\" src=\"https:\/\/redpillmkt.com.br\/wp-content\/uploads\/2023\/01\/BOB-RUM.png\" alt=\"\" \/><\/div><\/div><div class=\"clients_image\"><div><img decoding=\"async\" class=\"main_image\" src=\"https:\/\/redpillmkt.com.br\/wp-content\/uploads\/2023\/01\/BISTENE.png\" alt=\"\" \/><\/div><\/div><div class=\"clients_image\"><div><img decoding=\"async\" class=\"main_image\" src=\"https:\/\/redpillmkt.com.br\/wp-content\/uploads\/2023\/01\/AUSTRUSION.png\" alt=\"\" \/><\/div><\/div><div class=\"clients_image\"><div><img decoding=\"async\" class=\"main_image\" src=\"https:\/\/redpillmkt.com.br\/wp-content\/uploads\/2023\/01\/AROMATICI.png\" alt=\"\" \/><\/div><\/div><div class=\"clients_image\"><div><img decoding=\"async\" class=\"main_image\" src=\"https:\/\/redpillmkt.com.br\/wp-content\/uploads\/2023\/01\/ARAX.png\" alt=\"\" \/><\/div><\/div><div class=\"clients_image\"><div><img decoding=\"async\" class=\"main_image\" src=\"https:\/\/redpillmkt.com.br\/wp-content\/uploads\/2023\/01\/ABRASFE.png\" alt=\"\" \/><\/div><\/div><div class=\"clients_image\"><div><img decoding=\"async\" class=\"main_image\" src=\"https:\/\/redpillmkt.com.br\/wp-content\/uploads\/2023\/01\/41.png\" alt=\"\" \/><\/div><\/div><div class=\"clients_image\"><div><img decoding=\"async\" class=\"main_image\" src=\"https:\/\/redpillmkt.com.br\/wp-content\/uploads\/2023\/01\/35.png\" alt=\"\" \/><\/div><\/div><div class=\"clients_image\"><div><img decoding=\"async\" class=\"main_image\" src=\"https:\/\/redpillmkt.com.br\/wp-content\/uploads\/2023\/01\/23.png\" alt=\"\" \/><\/div><\/div><div class=\"clients_image\"><div><img decoding=\"async\" class=\"main_image\" src=\"https:\/\/redpillmkt.com.br\/wp-content\/uploads\/2023\/01\/20.png\" alt=\"\" \/><\/div><\/div><\/div><\/div><\/div><\/div><div id=\"seofy_spacer_69dc70c296079\" class =\"seofy_module_spacing responsive_active\"><div class=\"spacing_size spacing_size-initial\" style=\"height:20px;\"><\/div><div class=\"spacing_size spacing_size-tablet\" style=\"height:30px;\"><\/div><\/div>  \n<div class=\"vc_row wpb_row vc_inner vc_row-fluid\"><div class=\"wpb_column vc_column_container vc_col-sm-12 vc_col-lg-offset-0 vc_col-lg-4 vc_col-md-offset-3 vc_col-md-6\"><div class=\"vc_column-inner\"><div class=\"wpb_wrapper\"><div id=seofy_dbl_69dc70c296373 class=\"seofy_module_double_headings aleft \"><div class=\"heading_subtitle\" style=\"font-size:14px; line-height:12px; font-weight:600; \">Confira os depoimentos de nossos clientes<\/div><div class=\"heading_title\" style=\"font-size:36px; line-height:1.333; font-weight:800; \"><span class=\"heading_divider\"><\/span><div class=\"heading_title_mobile\" style=\"font-size:33px; line-height: 1.333;\"><div>O que andam falando de n\u00f3s por a\u00ed...<\/div><\/div><\/div><\/div>  \n<div  class =\"seofy_module_spacing\"><div class=\"spacing_size spacing_size-initial\" style=\"height:20px;\"><\/div><\/div>  \n<div id=seofy_video_69dc70c2964d8 class=\"seofy_module_videobox button_align-left title_pos-right animation_ring always-pulse-animation\"><div class=\"videobox_content\"><h2 class=\"title\" style=\"color: #252525;font-size: 16px;\" >Depoimentos<\/h2><a data-rel=\"youtube-69dc70c296536\" class=\"videobox_link videobox\" href=\"https:\/\/www.youtube.com\/watch?v=Q7M0oReCA44\" target=\"_blank\" rel=\"noopener\"><svg class=\"videobox_icon\" width=\"31%\" height=\"35%\" fill=\"#ffffff\" viewBox=\"0 0 232 232\"><path d=\"M203,99L49,2.3c-4.5-2.7-10.2-2.2-14.5-2.2 c-17.1,0-17,13-17,16.6v199c0,2.8-0.07,16.6,17,16.6c4.3,0,10,0.4,14.5-2.2 l154-97c12.7-7.5,10.5-16.5,10.5-16.5S216,107,204,100z\"\/><\/svg><div class=\"videobox_animation ring_1\"><\/div><\/a><\/div><\/div><div  class =\"seofy_module_spacing\"><div class=\"spacing_size spacing_size-initial\" style=\"height:30px;\"><\/div><\/div>  \n<\/div><\/div><\/div><div class=\"wpb_column vc_column_container vc_col-sm-12 vc_col-lg-8\"><div class=\"vc_column-inner\"><div class=\"wpb_wrapper\"><div id=\"seofy_spacer_69dc70c29668c\" class =\"seofy_module_spacing responsive_active\"><div class=\"spacing_size spacing_size-initial\" style=\"height:7px;\"><\/div><div class=\"spacing_size spacing_size-tablet\" style=\"height:20px;\"><\/div><\/div>  \n<div  class=\"seofy_module_testimonials type_author_top_inline item_alignment_left wpb_animate_when_almost_visible wpb_fadeIn fadeIn\"><div class=\"seofy_module_carousel-wrapper\"><div id=seofy_carousel_69dc70c296b1d class=\"seofy_module_carousel pagination_line pag_align_center\"><div class=\"seofy_carousel_slick\" data-slick='{\"slidesToShow\":2,\"slidesToScroll\":1,\"infinite\":true,\"autoplay\":true,\"autoplaySpeed\":\"1000\",\"speed\":300,\"arrows\":false,\"dots\":true,\"adaptiveHeight\":false,\"responsive\":[{\"breakpoint\":1025,\"settings\":{\"slidesToShow\":2,\"slidesToScroll\":1}},{\"breakpoint\":800,\"settings\":{\"slidesToShow\":2,\"slidesToScroll\":1}},{\"breakpoint\":480,\"settings\":{\"slidesToShow\":1,\"slidesToScroll\":1}}]}'><div class=\"testimonials_item\"><div class=\"testimonials_item_wrap\"><div class=\"testimonials_content_wrap\"><div class=\"testimonials_meta_wrap\"><div class=\"testimonials_image\"><img decoding=\"async\" src=\"https:\/\/redpillmkt.com.br\/wp-content\/uploads\/2023\/01\/BISTENE-150x150.png\" alt=\"Gunnar San Martin  photo\" style=\"width:75px; \"><\/div><div class=\"testimonials_name_wrap\"><h3 class=\"testimonials_name\" >Gunnar San Martin <\/h3><span class=\"testimonials_status\" >Diretor - Bistene Engenharia<\/span><\/div><\/div><div class=\"testimonials_quote\" style=\"font-size:13px; \">Agrade\u00e7o a Red Pill pela qualidade, efici\u00eancia e seriedade no trabalho realizado. A apresenta\u00e7\u00e3o dos trabalhos foi extremamente pertinente e contribuir\u00e1 para o sucesso de nossas estrat\u00e9gias. A busca da alta performance ser\u00e1 o nosso grande objetivo da Sinergia das a\u00e7\u00f5es da Red Pill.<\/div><\/div><\/div><\/div><div class=\"testimonials_item\"><div class=\"testimonials_item_wrap\"><div class=\"testimonials_content_wrap\"><div class=\"testimonials_meta_wrap\"><div class=\"testimonials_image\"><img decoding=\"async\" src=\"https:\/\/redpillmkt.com.br\/wp-content\/uploads\/2023\/01\/TIP-FORM-150x150.png\" alt=\"Diana Jaccoud photo\" style=\"width:75px; \"><\/div><div class=\"testimonials_name_wrap\"><h3 class=\"testimonials_name\" >Diana Jaccoud<\/h3><span class=\"testimonials_status\" >Diretora- Tip Equipamentos<\/span><\/div><\/div><div class=\"testimonials_quote\" style=\"font-size:13px; \">A RedPill possui uma equipe muito sol\u00edcita, comprometida e criativa. N\u00e3o medem esfor\u00e7os para entregar as demandas solicitadas. Eles est\u00e3o sempre se atualizando das novidades do mercado e entregando solu\u00e7\u00f5es de marketing inovadoras. A parceria com a Tip \u00e9 de longa data e temos certeza que ainda temos muitos projetos pela frente.<\/div><\/div><\/div><\/div><div class=\"testimonials_item\"><div class=\"testimonials_item_wrap\"><div class=\"testimonials_content_wrap\"><div class=\"testimonials_meta_wrap\"><div class=\"testimonials_image\"><img decoding=\"async\" src=\"https:\/\/redpillmkt.com.br\/wp-content\/uploads\/2023\/01\/MMK-150x150.png\" alt=\"Lilian Schweighofer photo\" style=\"width:75px; \"><\/div><div class=\"testimonials_name_wrap\"><h3 class=\"testimonials_name\" >Lilian Schweighofer<\/h3><span class=\"testimonials_status\" >Diretora Administrativa - MMK Equipamentos<\/span><\/div><\/div><div class=\"testimonials_quote\" style=\"font-size:13px; \">Trabalhar com a Redpill tem sido uma experi\u00eancia muito bacana, ela nos atende h\u00e1 alguns anos. Al\u00e9m de muito profissionais, s\u00e3o bastante dedicados e voltados a atender nossas necessidades. O desempenho das campanhas na internet tem ajudado a aumentar nosso faturamento e a multiplicar o n\u00famero de contatos. Por isso, n\u00e3o podemos dizer que se trata de uma simples prestadora de servi\u00e7os, mas sim, de uma grande parceira! Somos muito gratos e queremos contar com essa parceria por um longo tempo.<\/div><\/div><\/div><\/div><\/div><\/div><\/div><\/div><\/div><\/div><\/div><\/div><div  class =\"seofy_module_spacing\"><div class=\"spacing_size spacing_size-initial\" style=\"height:45px;\"><\/div><\/div>  \n<\/div><\/div><\/div><\/div><div class=\"vc_row-full-width vc_clearfix\"><\/div>\n<\/div>","protected":false},"excerpt":{"rendered":"Branding, Identidade Visual e Design Gr\u00e1fico Uma marca \u00e9 a representa\u00e7\u00e3o gr\u00e1fica de seu prop\u00f3sito ou seja, a sua raz\u00e3o de existir. Nossa equipe busca entender a ess\u00eancia de seu prop\u00f3sito \u00e0 fundo, conciliando este mesmo prop\u00f3sito com as necessidades de seu p\u00fablico, transformando tudo isso em identidade visual. Arist\u00f3teles j\u00e1 dizia em 250 a.C [...]","protected":false},"author":1,"featured_media":0,"parent":0,"menu_order":0,"comment_status":"closed","ping_status":"closed","template":"","meta":{"_joinchat":[],"footnotes":""},"class_list":["post-446","page","type-page","status-publish","hentry"],"_links":{"self":[{"href":"https:\/\/redpillmkt.com.br\/es\/wp-json\/wp\/v2\/pages\/446","targetHints":{"allow":["GET"]}}],"collection":[{"href":"https:\/\/redpillmkt.com.br\/es\/wp-json\/wp\/v2\/pages"}],"about":[{"href":"https:\/\/redpillmkt.com.br\/es\/wp-json\/wp\/v2\/types\/page"}],"author":[{"embeddable":true,"href":"https:\/\/redpillmkt.com.br\/es\/wp-json\/wp\/v2\/users\/1"}],"replies":[{"embeddable":true,"href":"https:\/\/redpillmkt.com.br\/es\/wp-json\/wp\/v2\/comments?post=446"}],"version-history":[{"count":24,"href":"https:\/\/redpillmkt.com.br\/es\/wp-json\/wp\/v2\/pages\/446\/revisions"}],"predecessor-version":[{"id":2995,"href":"https:\/\/redpillmkt.com.br\/es\/wp-json\/wp\/v2\/pages\/446\/revisions\/2995"}],"wp:attachment":[{"href":"https:\/\/redpillmkt.com.br\/es\/wp-json\/wp\/v2\/media?parent=446"}],"curies":[{"name":"wp","href":"https:\/\/api.w.org\/{rel}","templated":true}]}}